{"id":413,"date":"2024-11-27T11:14:43","date_gmt":"2024-11-27T11:14:43","guid":{"rendered":"https:\/\/gremarsanhabitatxxi.com\/?page_id=413"},"modified":"2024-12-04T16:25:46","modified_gmt":"2024-12-04T16:25:46","slug":"estudios-apartamentos-gabriel-y-galan","status":"publish","type":"page","link":"https:\/\/gremarsanhabitatxxi.com\/index.php\/estudios-apartamentos-gabriel-y-galan\/","title":{"rendered":"Estudios-apartamentos Gabriel y Gal\u00e1n"},"content":{"rendered":"\t\t<div data-elementor-type=\"wp-page\" data-elementor-id=\"413\" class=\"elementor elementor-413\" data-elementor-post-type=\"page\">\n\t\t\t\t<div class=\"elementor-element elementor-element-753de55 e-con-full e-flex e-con e-parent\" data-id=\"753de55\" data-element_type=\"container\" data-e-type=\"container\" data-settings=\"{&quot;background_background&quot;:&quot;classic&quot;}\">\n\t\t<div class=\"elementor-element elementor-element-bd3ea76 e-con-full e-flex e-con e-child\" data-id=\"bd3ea76\" data-element_type=\"container\" data-e-type=\"container\" data-settings=\"{&quot;background_background&quot;:&quot;classic&quot;}\">\n\t\t<div class=\"elementor-element elementor-element-473b331 e-con-full e-flex e-con e-child\" data-id=\"473b331\" data-element_type=\"container\" data-e-type=\"container\">\n\t\t\t\t<div class=\"elementor-element elementor-element-d101045 elementor-widget-tablet__width-inherit elementor-widget elementor-widget-heading\" data-id=\"d101045\" data-element_type=\"widget\" data-e-type=\"widget\" data-widget_type=\"heading.default\">\n\t\t\t\t<div class=\"elementor-widget-container\">\n\t\t\t\t\t<h1 class=\"elementor-heading-title elementor-size-default\">nuestra promoci\u00f3n<\/h1>\t\t\t\t<\/div>\n\t\t\t\t<\/div>\n\t\t\t\t<div class=\"elementor-element elementor-element-dbb8fc9 elementor-widget elementor-widget-heading\" data-id=\"dbb8fc9\" data-element_type=\"widget\" data-e-type=\"widget\" data-widget_type=\"heading.default\">\n\t\t\t\t<div class=\"elementor-widget-container\">\n\t\t\t\t\t<h4 class=\"elementor-heading-title elementor-size-default\">Estudios-apartamentos Gabriel y Gal\u00e1n<\/h4>\t\t\t\t<\/div>\n\t\t\t\t<\/div>\n\t\t\t\t<div class=\"elementor-element elementor-element-1241a63 elementor-widget elementor-widget-text-editor\" data-id=\"1241a63\" data-element_type=\"widget\" data-e-type=\"widget\" data-widget_type=\"text-editor.default\">\n\t\t\t\t<div class=\"elementor-widget-container\">\n\t\t\t\t\t\t\t\t\t<p class=\"p1\">En pleno centro de Salamanca, a tan solo 5 minutos a pie de la Plaza Mayor, nace una promoci\u00f3n exclusiva de 6 estudios-apartamentos \u00fanicos en la Plaza de Gabriel y Gal\u00e1n.<\/p>\t\t\t\t\t\t\t\t<\/div>\n\t\t\t\t<\/div>\n\t\t\t\t<\/div>\n\t\t\t\t<div class=\"elementor-element elementor-element-6ab2854 elementor-widget__width-initial elementor-widget-mobile__width-inherit elementor-widget elementor-widget-image\" data-id=\"6ab2854\" data-element_type=\"widget\" data-e-type=\"widget\" data-widget_type=\"image.default\">\n\t\t\t\t<div class=\"elementor-widget-container\">\n\t\t\t\t\t\t\t\t\t\t\t\t\t\t\t<img fetchpriority=\"high\" decoding=\"async\" width=\"1488\" height=\"1080\" src=\"https:\/\/gremarsanhabitatxxi.com\/wp-content\/uploads\/2024\/11\/1.webp\" class=\"attachment-full size-full wp-image-416\" alt=\"\" srcset=\"https:\/\/gremarsanhabitatxxi.com\/wp-content\/uploads\/2024\/11\/1.webp 1488w, https:\/\/gremarsanhabitatxxi.com\/wp-content\/uploads\/2024\/11\/1-300x218.webp 300w, https:\/\/gremarsanhabitatxxi.com\/wp-content\/uploads\/2024\/11\/1-1024x743.webp 1024w, https:\/\/gremarsanhabitatxxi.com\/wp-content\/uploads\/2024\/11\/1-768x557.webp 768w\" sizes=\"(max-width: 1488px) 100vw, 1488px\" \/>\t\t\t\t\t\t\t\t\t\t\t\t\t\t\t<\/div>\n\t\t\t\t<\/div>\n\t\t\t\t<\/div>\n\t\t\t\t<\/div>\n\t\t<div class=\"elementor-element elementor-element-ecf8e89 e-flex e-con-boxed e-con e-parent\" data-id=\"ecf8e89\" data-element_type=\"container\" data-e-type=\"container\">\n\t\t\t\t\t<div class=\"e-con-inner\">\n\t\t<div class=\"elementor-element elementor-element-030a1f9 e-con-full e-flex e-con e-child\" data-id=\"030a1f9\" data-element_type=\"container\" data-e-type=\"container\" data-settings=\"{&quot;background_background&quot;:&quot;classic&quot;}\">\n\t\t\t\t<div class=\"elementor-element elementor-element-a8045c1 elementor-widget elementor-widget-counter\" data-id=\"a8045c1\" data-element_type=\"widget\" data-e-type=\"widget\" data-widget_type=\"counter.default\">\n\t\t\t\t<div class=\"elementor-widget-container\">\n\t\t\t\t\t\t\t<div class=\"elementor-counter\">\n\t\t\t\t\t\t<div class=\"elementor-counter-number-wrapper\">\n\t\t\t\t<span class=\"elementor-counter-number-prefix\"><\/span>\n\t\t\t\t<span class=\"elementor-counter-number\" data-duration=\"2000\" data-to-value=\"5\" data-from-value=\"0\" data-delimiter=\",\">0<\/span>\n\t\t\t\t<span class=\"elementor-counter-number-suffix\"><\/span>\n\t\t\t<\/div>\n\t\t<\/div>\n\t\t\t\t\t\t<\/div>\n\t\t\t\t<\/div>\n\t\t\t\t<div class=\"elementor-element elementor-element-d795058 elementor-widget elementor-widget-icon-box\" data-id=\"d795058\" data-element_type=\"widget\" data-e-type=\"widget\" data-widget_type=\"icon-box.default\">\n\t\t\t\t<div class=\"elementor-widget-container\">\n\t\t\t\t\t\t\t<div class=\"elementor-icon-box-wrapper\">\n\n\t\t\t\n\t\t\t\t\t\t<div class=\"elementor-icon-box-content\">\n\n\t\t\t\t\t\t\t\t\t<div class=\"elementor-icon-box-title\">\n\t\t\t\t\t\t<span  >\n\t\t\t\t\t\t\tMinutos a pie\t\t\t\t\t\t<\/span>\n\t\t\t\t\t<\/div>\n\t\t\t\t\n\t\t\t\t\t\t\t\t\t<p class=\"elementor-icon-box-description\">\n\t\t\t\t\t\tde la Plaza Mayor de Salamanca\t\t\t\t\t<\/p>\n\t\t\t\t\n\t\t\t<\/div>\n\t\t\t\n\t\t<\/div>\n\t\t\t\t\t\t<\/div>\n\t\t\t\t<\/div>\n\t\t\t\t<\/div>\n\t\t<div class=\"elementor-element elementor-element-4e5b886 e-con-full e-flex e-con e-child\" data-id=\"4e5b886\" data-element_type=\"container\" data-e-type=\"container\">\n\t\t\t\t<div class=\"elementor-element elementor-element-caa6eaa elementor-widget elementor-widget-image\" data-id=\"caa6eaa\" data-element_type=\"widget\" data-e-type=\"widget\" data-widget_type=\"image.default\">\n\t\t\t\t<div class=\"elementor-widget-container\">\n\t\t\t\t\t\t\t\t\t\t\t\t\t\t\t<img decoding=\"async\" width=\"922\" height=\"1127\" src=\"https:\/\/gremarsanhabitatxxi.com\/wp-content\/uploads\/2024\/11\/4.jpg\" class=\"attachment-full size-full wp-image-419\" alt=\"\" srcset=\"https:\/\/gremarsanhabitatxxi.com\/wp-content\/uploads\/2024\/11\/4.jpg 922w, https:\/\/gremarsanhabitatxxi.com\/wp-content\/uploads\/2024\/11\/4-245x300.jpg 245w, https:\/\/gremarsanhabitatxxi.com\/wp-content\/uploads\/2024\/11\/4-838x1024.jpg 838w, https:\/\/gremarsanhabitatxxi.com\/wp-content\/uploads\/2024\/11\/4-768x939.jpg 768w\" sizes=\"(max-width: 922px) 100vw, 922px\" \/>\t\t\t\t\t\t\t\t\t\t\t\t\t\t\t<\/div>\n\t\t\t\t<\/div>\n\t\t\t\t<\/div>\n\t\t<div class=\"elementor-element elementor-element-9edcda3 e-con-full e-flex e-con e-child\" data-id=\"9edcda3\" data-element_type=\"container\" data-e-type=\"container\">\n\t\t\t\t<div class=\"elementor-element elementor-element-30e372c elementor-widget-tablet__width-inherit elementor-widget elementor-widget-heading\" data-id=\"30e372c\" data-element_type=\"widget\" data-e-type=\"widget\" data-widget_type=\"heading.default\">\n\t\t\t\t<div class=\"elementor-widget-container\">\n\t\t\t\t\t<h6 class=\"elementor-heading-title elementor-size-default\">PLAZA DE Gabriel y gal\u00e1n<\/h6>\t\t\t\t<\/div>\n\t\t\t\t<\/div>\n\t\t\t\t<div class=\"elementor-element elementor-element-dd2478e elementor-widget-tablet__width-inherit elementor-widget elementor-widget-heading\" data-id=\"dd2478e\" data-element_type=\"widget\" data-e-type=\"widget\" data-widget_type=\"heading.default\">\n\t\t\t\t<div class=\"elementor-widget-container\">\n\t\t\t\t\t<h2 class=\"elementor-heading-title elementor-size-default\">Un lugar exclusivo en pleno coraz\u00f3n de Salamanca\n<\/h2>\t\t\t\t<\/div>\n\t\t\t\t<\/div>\n\t\t\t\t<div class=\"elementor-element elementor-element-c4c7e25 elementor-widget-tablet__width-inherit elementor-widget elementor-widget-text-editor\" data-id=\"c4c7e25\" data-element_type=\"widget\" data-e-type=\"widget\" data-widget_type=\"text-editor.default\">\n\t\t\t\t<div class=\"elementor-widget-container\">\n\t\t\t\t\t\t\t\t\t<p>En Gremarsan Habitat XXI presentamos una nueva promoci\u00f3n que redefine el concepto de exclusividad y confort en el centro de Salamanca. Los <strong>Estudios-Apartamentos \u201cGabriel y Gal\u00e1n\u201d<\/strong> son un proyecto dise\u00f1ado para aquellos que buscan un hogar funcional, moderno y en una ubicaci\u00f3n inmejorable, a solo 5 minutos a pie de la emblem\u00e1tica Plaza Mayor.<\/p><p>Esta promoci\u00f3n consta de <strong>6 estudios-apartamentos \u00fanicos<\/strong>, ubicados en la Plaza de Gabriel y Gal\u00e1n, una zona privilegiada con acceso directo a cada vivienda. Cada uno de ellos ha sido concebido pensando en ofrecer el m\u00e1ximo aprovechamiento del espacio, acabados de alta calidad y una distribuci\u00f3n perfecta para el d\u00eda a d\u00eda.<\/p>\t\t\t\t\t\t\t\t<\/div>\n\t\t\t\t<\/div>\n\t\t\t\t<\/div>\n\t\t<div class=\"elementor-element elementor-element-4f82aea e-flex e-con-boxed e-con e-child\" data-id=\"4f82aea\" data-element_type=\"container\" data-e-type=\"container\">\n\t\t\t\t\t<div class=\"e-con-inner\">\n\t\t<div class=\"elementor-element elementor-element-0a4c290 e-con-full e-flex e-con e-child\" data-id=\"0a4c290\" data-element_type=\"container\" data-e-type=\"container\">\n\t\t\t\t<div class=\"elementor-element elementor-element-58896a3 elementor-widget-tablet__width-inherit elementor-widget elementor-widget-heading\" data-id=\"58896a3\" data-element_type=\"widget\" data-e-type=\"widget\" data-widget_type=\"heading.default\">\n\t\t\t\t<div class=\"elementor-widget-container\">\n\t\t\t\t\t<h6 class=\"elementor-heading-title elementor-size-default\">El interior<\/h6>\t\t\t\t<\/div>\n\t\t\t\t<\/div>\n\t\t\t\t<div class=\"elementor-element elementor-element-c8293b3 elementor-widget-tablet__width-inherit elementor-widget elementor-widget-heading\" data-id=\"c8293b3\" data-element_type=\"widget\" data-e-type=\"widget\" data-widget_type=\"heading.default\">\n\t\t\t\t<div class=\"elementor-widget-container\">\n\t\t\t\t\t<h2 class=\"elementor-heading-title elementor-size-default\">Espacios dise\u00f1ados para inspirar\n<\/h2>\t\t\t\t<\/div>\n\t\t\t\t<\/div>\n\t\t\t\t<div class=\"elementor-element elementor-element-3b4bfb5 elementor-widget elementor-widget-text-editor\" data-id=\"3b4bfb5\" data-element_type=\"widget\" data-e-type=\"widget\" data-widget_type=\"text-editor.default\">\n\t\t\t\t<div class=\"elementor-widget-container\">\n\t\t\t\t\t\t\t\t\t<p>Con superficies \u00fatiles que van de <strong>33 a 40 m\u00b2<\/strong>, estos apartamentos son ideales tanto para profesionales que buscan una vivienda c\u00f3moda en el centro como para inversores que desean una propiedad con alta rentabilidad asegurada.<\/p><p>Los estudios cuentan con una cocina completamente amueblada y equipada con electrodom\u00e9sticos de primeras marcas, incluyendo frigor\u00edfico, vitrocer\u00e1mica, horno, campana extractora de humos, fregadero y lavadora-secadora.<\/p><p>Los ba\u00f1os, con un dise\u00f1o moderno y elegante, est\u00e1n equipados con lavabo con mueble y espejo, plato de ducha con mampara, inodoro y bidet. Adem\u00e1s, las paredes y suelos est\u00e1n revestidos con cer\u00e1mica de gran formato de la prestigiosa marca \u201cMarazzi\u201d o similar, asegurando un acabado impecable y duradero.<\/p><p><strong>La calificaci\u00f3n energ\u00e9tica de los apartamentos ser\u00e1 la letra A,\u00a0que es la m\u00e1s alta en el sistema de etiquetado energ\u00e9tico de la Uni\u00f3n Europea. Esto se logra mediante un excelente aislamiento t\u00e9rmico, ventanas herm\u00e9ticas y sistemas eficientes de calefacci\u00f3n y refrigeraci\u00f3n<span style=\"color: #000000;\">.<\/span><\/strong><\/p>\t\t\t\t\t\t\t\t<\/div>\n\t\t\t\t<\/div>\n\t\t\t\t<div class=\"elementor-element elementor-element-038975a elementor-align-left elementor-widget elementor-widget-button\" data-id=\"038975a\" data-element_type=\"widget\" data-e-type=\"widget\" data-widget_type=\"button.default\">\n\t\t\t\t<div class=\"elementor-widget-container\">\n\t\t\t\t\t\t\t\t\t<div class=\"elementor-button-wrapper\">\n\t\t\t\t\t<a class=\"elementor-button elementor-button-link elementor-size-sm\" href=\"https:\/\/gremarsanhabitatxxi.com\/wp-content\/uploads\/2024\/12\/planos_gabrielygalan.pdf\" target=\"_blank\">\n\t\t\t\t\t\t<span class=\"elementor-button-content-wrapper\">\n\t\t\t\t\t\t\t\t\t<span class=\"elementor-button-text\">Consulta los planos<\/span>\n\t\t\t\t\t<\/span>\n\t\t\t\t\t<\/a>\n\t\t\t\t<\/div>\n\t\t\t\t\t\t\t\t<\/div>\n\t\t\t\t<\/div>\n\t\t\t\t<\/div>\n\t\t<div class=\"elementor-element elementor-element-b95b829 e-con-full e-flex e-con e-child\" data-id=\"b95b829\" data-element_type=\"container\" data-e-type=\"container\">\n\t\t\t\t<div class=\"elementor-element elementor-element-ddfe28b elementor-widget elementor-widget-image\" data-id=\"ddfe28b\" data-element_type=\"widget\" data-e-type=\"widget\" data-widget_type=\"image.default\">\n\t\t\t\t<div class=\"elementor-widget-container\">\n\t\t\t\t\t\t\t\t\t\t\t\t\t\t\t<img decoding=\"async\" width=\"473\" height=\"497\" src=\"https:\/\/gremarsanhabitatxxi.com\/wp-content\/uploads\/2024\/11\/2.png\" class=\"attachment-full size-full wp-image-417\" alt=\"\" srcset=\"https:\/\/gremarsanhabitatxxi.com\/wp-content\/uploads\/2024\/11\/2.png 473w, https:\/\/gremarsanhabitatxxi.com\/wp-content\/uploads\/2024\/11\/2-286x300.png 286w\" sizes=\"(max-width: 473px) 100vw, 473px\" \/>\t\t\t\t\t\t\t\t\t\t\t\t\t\t\t<\/div>\n\t\t\t\t<\/div>\n\t\t\t\t<div class=\"elementor-element elementor-element-859c59b elementor-absolute elementor-widget__width-initial elementor-widget elementor-widget-image\" data-id=\"859c59b\" data-element_type=\"widget\" data-e-type=\"widget\" data-settings=\"{&quot;_position&quot;:&quot;absolute&quot;}\" data-widget_type=\"image.default\">\n\t\t\t\t<div class=\"elementor-widget-container\">\n\t\t\t\t\t\t\t\t\t\t\t\t\t\t\t<img loading=\"lazy\" decoding=\"async\" width=\"2000\" height=\"1334\" src=\"https:\/\/gremarsanhabitatxxi.com\/wp-content\/uploads\/2024\/11\/extremely-happy-couple-signing-a-house-purchase-agreement.jpg\" class=\"attachment-full size-full wp-image-421\" alt=\"Extremely happy couple signing a house purchase agreement\" srcset=\"https:\/\/gremarsanhabitatxxi.com\/wp-content\/uploads\/2024\/11\/extremely-happy-couple-signing-a-house-purchase-agreement.jpg 2000w, https:\/\/gremarsanhabitatxxi.com\/wp-content\/uploads\/2024\/11\/extremely-happy-couple-signing-a-house-purchase-agreement-300x200.jpg 300w, https:\/\/gremarsanhabitatxxi.com\/wp-content\/uploads\/2024\/11\/extremely-happy-couple-signing-a-house-purchase-agreement-1024x683.jpg 1024w, https:\/\/gremarsanhabitatxxi.com\/wp-content\/uploads\/2024\/11\/extremely-happy-couple-signing-a-house-purchase-agreement-768x512.jpg 768w, https:\/\/gremarsanhabitatxxi.com\/wp-content\/uploads\/2024\/11\/extremely-happy-couple-signing-a-house-purchase-agreement-1536x1025.jpg 1536w\" sizes=\"(max-width: 2000px) 100vw, 2000px\" \/>\t\t\t\t\t\t\t\t\t\t\t\t\t\t\t<\/div>\n\t\t\t\t<\/div>\n\t\t\t\t<\/div>\n\t\t\t\t\t<\/div>\n\t\t\t\t<\/div>\n\t\t\t\t\t<\/div>\n\t\t\t\t<\/div>\n\t\t<div class=\"elementor-element elementor-element-a2fabef e-flex e-con-boxed e-con e-parent\" data-id=\"a2fabef\" data-element_type=\"container\" data-e-type=\"container\">\n\t\t\t\t\t<div class=\"e-con-inner\">\n\t\t<div class=\"elementor-element elementor-element-a578b2b e-con-full e-flex e-con e-child\" data-id=\"a578b2b\" data-element_type=\"container\" data-e-type=\"container\">\n\t\t\t\t<div class=\"elementor-element elementor-element-8dab0b1 elementor-widget-tablet__width-inherit elementor-widget elementor-widget-heading\" data-id=\"8dab0b1\" data-element_type=\"widget\" data-e-type=\"widget\" data-widget_type=\"heading.default\">\n\t\t\t\t<div class=\"elementor-widget-container\">\n\t\t\t\t\t<h6 class=\"elementor-heading-title elementor-size-default\">LOCALIZACI\u00d3N inmejorable<\/h6>\t\t\t\t<\/div>\n\t\t\t\t<\/div>\n\t\t\t\t<div class=\"elementor-element elementor-element-df4797e elementor-widget-tablet__width-inherit elementor-widget elementor-widget-heading\" data-id=\"df4797e\" data-element_type=\"widget\" data-e-type=\"widget\" data-widget_type=\"heading.default\">\n\t\t\t\t<div class=\"elementor-widget-container\">\n\t\t\t\t\t<h2 class=\"elementor-heading-title elementor-size-default\">Plaza de Gabriel y Gal\u00e1n: una ubicaci\u00f3n que lo tiene todo<\/h2>\t\t\t\t<\/div>\n\t\t\t\t<\/div>\n\t\t\t\t<div class=\"elementor-element elementor-element-f2d5974 elementor-widget elementor-widget-text-editor\" data-id=\"f2d5974\" data-element_type=\"widget\" data-e-type=\"widget\" data-widget_type=\"text-editor.default\">\n\t\t\t\t<div class=\"elementor-widget-container\">\n\t\t\t\t\t\t\t\t\t<p>La localizaci\u00f3n de estos estudios-apartamentos es, sin duda, uno de sus mayores atractivos. Ubicados en la emblem\u00e1tica Plaza de Gabriel y Gal\u00e1n, estos hogares se encuentran en pleno coraz\u00f3n de Salamanca, en una de las zonas m\u00e1s codiciadas de la ciudad. A solo 5 minutos a pie de la Plaza Mayor, esta promoci\u00f3n permite disfrutar de la cercan\u00eda a los principales puntos de inter\u00e9s hist\u00f3rico y cultural, al tiempo que ofrece acceso inmediato a una amplia gama de servicios y comodidades.<\/p><p>La zona est\u00e1 rodeada de todo lo necesario para una vida c\u00f3moda y pr\u00e1ctica: tiendas, restaurantes, supermercados, zonas de ocio y excelentes conexiones con el resto de la ciudad. Su ubicaci\u00f3n estrat\u00e9gica combina a la perfecci\u00f3n la tranquilidad de un entorno residencial con la vitalidad y dinamismo del centro urbano, creando el equilibrio ideal entre calidad de vida, comodidad y accesibilidad.<\/p>\t\t\t\t\t\t\t\t<\/div>\n\t\t\t\t<\/div>\n\t\t\t\t<div class=\"elementor-element elementor-element-56532af elementor-align-center elementor-widget elementor-widget-button\" data-id=\"56532af\" data-element_type=\"widget\" data-e-type=\"widget\" data-widget_type=\"button.default\">\n\t\t\t\t<div class=\"elementor-widget-container\">\n\t\t\t\t\t\t\t\t\t<div class=\"elementor-button-wrapper\">\n\t\t\t\t\t<a class=\"elementor-button elementor-button-link elementor-size-sm\" href=\"https:\/\/gremarsanhabitatxxi.com\/index.php\/contacto\/\">\n\t\t\t\t\t\t<span class=\"elementor-button-content-wrapper\">\n\t\t\t\t\t\t\t\t\t<span class=\"elementor-button-text\">HABLA CON NUESTRO EQUIPO<\/span>\n\t\t\t\t\t<\/span>\n\t\t\t\t\t<\/a>\n\t\t\t\t<\/div>\n\t\t\t\t\t\t\t\t<\/div>\n\t\t\t\t<\/div>\n\t\t\t\t<\/div>\n\t\t<div class=\"elementor-element elementor-element-f2e52ca e-con-full e-flex e-con e-child\" data-id=\"f2e52ca\" data-element_type=\"container\" data-e-type=\"container\">\n\t\t\t\t<div class=\"elementor-element elementor-element-86d67a1 elementor-widget elementor-widget-image\" data-id=\"86d67a1\" data-element_type=\"widget\" data-e-type=\"widget\" data-widget_type=\"image.default\">\n\t\t\t\t<div class=\"elementor-widget-container\">\n\t\t\t\t\t\t\t\t\t\t\t\t\t\t\t<img loading=\"lazy\" decoding=\"async\" width=\"1600\" height=\"1192\" src=\"https:\/\/gremarsanhabitatxxi.com\/wp-content\/uploads\/2024\/12\/gremarsan-gabriel-y-galan.jpeg\" class=\"attachment-full size-full wp-image-461\" alt=\"\" srcset=\"https:\/\/gremarsanhabitatxxi.com\/wp-content\/uploads\/2024\/12\/gremarsan-gabriel-y-galan.jpeg 1600w, https:\/\/gremarsanhabitatxxi.com\/wp-content\/uploads\/2024\/12\/gremarsan-gabriel-y-galan-300x224.jpeg 300w, https:\/\/gremarsanhabitatxxi.com\/wp-content\/uploads\/2024\/12\/gremarsan-gabriel-y-galan-1024x763.jpeg 1024w, https:\/\/gremarsanhabitatxxi.com\/wp-content\/uploads\/2024\/12\/gremarsan-gabriel-y-galan-768x572.jpeg 768w, https:\/\/gremarsanhabitatxxi.com\/wp-content\/uploads\/2024\/12\/gremarsan-gabriel-y-galan-1536x1144.jpeg 1536w\" sizes=\"(max-width: 1600px) 100vw, 1600px\" \/>\t\t\t\t\t\t\t\t\t\t\t\t\t\t\t<\/div>\n\t\t\t\t<\/div>\n\t\t\t\t<div class=\"elementor-element elementor-element-1a9d417 elementor-widget elementor-widget-google_maps\" data-id=\"1a9d417\" data-element_type=\"widget\" data-e-type=\"widget\" data-widget_type=\"google_maps.default\">\n\t\t\t\t<div class=\"elementor-widget-container\">\n\t\t\t\t\t\t\t<div class=\"elementor-custom-embed\">\n\t\t\t<iframe loading=\"lazy\"\n\t\t\t\t\tsrc=\"https:\/\/maps.google.com\/maps?q=plaza%20gabriel%20y%20galan%207%20salamanca&#038;t=m&#038;z=15&#038;output=embed&#038;iwloc=near\"\n\t\t\t\t\ttitle=\"plaza gabriel y galan 7 salamanca\"\n\t\t\t\t\taria-label=\"plaza gabriel y galan 7 salamanca\"\n\t\t\t><\/iframe>\n\t\t<\/div>\n\t\t\t\t\t\t<\/div>\n\t\t\t\t<\/div>\n\t\t\t\t<\/div>\n\t\t\t\t\t<\/div>\n\t\t\t\t<\/div>\n\t\t<div class=\"elementor-element elementor-element-85d4374 e-flex e-con-boxed e-con e-parent\" data-id=\"85d4374\" data-element_type=\"container\" data-e-type=\"container\" data-settings=\"{&quot;background_background&quot;:&quot;slideshow&quot;,&quot;background_slideshow_gallery&quot;:[{&quot;id&quot;:419,&quot;url&quot;:&quot;https:\\\/\\\/gremarsanhabitatxxi.com\\\/wp-content\\\/uploads\\\/2024\\\/11\\\/4.jpg&quot;},{&quot;id&quot;:418,&quot;url&quot;:&quot;https:\\\/\\\/gremarsanhabitatxxi.com\\\/wp-content\\\/uploads\\\/2024\\\/11\\\/3.png&quot;},{&quot;id&quot;:417,&quot;url&quot;:&quot;https:\\\/\\\/gremarsanhabitatxxi.com\\\/wp-content\\\/uploads\\\/2024\\\/11\\\/2.png&quot;},{&quot;id&quot;:416,&quot;url&quot;:&quot;https:\\\/\\\/gremarsanhabitatxxi.com\\\/wp-content\\\/uploads\\\/2024\\\/11\\\/1.webp&quot;}],&quot;background_slideshow_loop&quot;:&quot;yes&quot;,&quot;background_slideshow_slide_duration&quot;:5000,&quot;background_slideshow_slide_transition&quot;:&quot;fade&quot;,&quot;background_slideshow_transition_duration&quot;:500}\">\n\t\t\t\t\t<div class=\"e-con-inner\">\n\t\t<div class=\"elementor-element elementor-element-a1505f2 e-flex e-con-boxed e-con e-child\" data-id=\"a1505f2\" data-element_type=\"container\" data-e-type=\"container\">\n\t\t\t\t\t<div class=\"e-con-inner\">\n\t\t\t\t<div class=\"elementor-element elementor-element-a4da110 elementor-widget elementor-widget-heading\" data-id=\"a4da110\" data-element_type=\"widget\" data-e-type=\"widget\" data-widget_type=\"heading.default\">\n\t\t\t\t<div class=\"elementor-widget-container\">\n\t\t\t\t\t<h2 class=\"elementor-heading-title elementor-size-default\">Calidad en cada detalle\n<\/h2>\t\t\t\t<\/div>\n\t\t\t\t<\/div>\n\t\t\t\t<div class=\"elementor-element elementor-element-98c2833 elementor-widget elementor-widget-text-editor\" data-id=\"98c2833\" data-element_type=\"widget\" data-e-type=\"widget\" data-widget_type=\"text-editor.default\">\n\t\t\t\t<div class=\"elementor-widget-container\">\n\t\t\t\t\t\t\t\t\t<p>En Gremarsan Habitat XXI apostamos por la excelencia en cada proyecto que emprendemos, y esta promoci\u00f3n no es la excepci\u00f3n. Todos los materiales utilizados son de calidad premium, seleccionados cuidadosamente para garantizar la m\u00e1xima durabilidad y un dise\u00f1o que destaca por su elegancia y funcionalidad.<\/p><p>La distribuci\u00f3n de los espacios y los acabados han sido concebidos para crear un ambiente c\u00f3modo y moderno, adaptado a las necesidades de quienes buscan un lugar exclusivo para vivir o invertir.<\/p>\t\t\t\t\t\t\t\t<\/div>\n\t\t\t\t<\/div>\n\t\t\t\t<div class=\"elementor-element elementor-element-733cfc9 elementor-align-center elementor-widget elementor-widget-button\" data-id=\"733cfc9\" data-element_type=\"widget\" data-e-type=\"widget\" data-widget_type=\"button.default\">\n\t\t\t\t<div class=\"elementor-widget-container\">\n\t\t\t\t\t\t\t\t\t<div class=\"elementor-button-wrapper\">\n\t\t\t\t\t<a class=\"elementor-button elementor-button-link elementor-size-sm\" href=\"https:\/\/gremarsanhabitatxxi.com\/index.php\/contacto\/\">\n\t\t\t\t\t\t<span class=\"elementor-button-content-wrapper\">\n\t\t\t\t\t\t\t\t\t<span class=\"elementor-button-text\">Solicita m\u00e1s informaci\u00f3n<\/span>\n\t\t\t\t\t<\/span>\n\t\t\t\t\t<\/a>\n\t\t\t\t<\/div>\n\t\t\t\t\t\t\t\t<\/div>\n\t\t\t\t<\/div>\n\t\t\t\t\t<\/div>\n\t\t\t\t<\/div>\n\t\t\t\t\t<\/div>\n\t\t\t\t<\/div>\n\t\t\t\t<\/div>\n\t\t","protected":false},"excerpt":{"rendered":"<p>nuestra promoci\u00f3n Estudios-apartamentos Gabriel y Gal\u00e1n En pleno centro de Salamanca, a tan solo 5 minutos a pie de la Plaza Mayor, nace una promoci\u00f3n exclusiva de 6 estudios-apartamentos \u00fanicos en la Plaza de Gabriel y Gal\u00e1n. 0 Minutos a pie de la Plaza Mayor de Salamanca PLAZA DE Gabriel y gal\u00e1n Un lugar exclusivo [&hellip;]<\/p>\n","protected":false},"author":1,"featured_media":0,"parent":0,"menu_order":0,"comment_status":"closed","ping_status":"closed","template":"","meta":{"footnotes":""},"class_list":["post-413","page","type-page","status-publish","hentry"],"_links":{"self":[{"href":"https:\/\/gremarsanhabitatxxi.com\/index.php\/wp-json\/wp\/v2\/pages\/413","targetHints":{"allow":["GET"]}}],"collection":[{"href":"https:\/\/gremarsanhabitatxxi.com\/index.php\/wp-json\/wp\/v2\/pages"}],"about":[{"href":"https:\/\/gremarsanhabitatxxi.com\/index.php\/wp-json\/wp\/v2\/types\/page"}],"author":[{"embeddable":true,"href":"https:\/\/gremarsanhabitatxxi.com\/index.php\/wp-json\/wp\/v2\/users\/1"}],"replies":[{"embeddable":true,"href":"https:\/\/gremarsanhabitatxxi.com\/index.php\/wp-json\/wp\/v2\/comments?post=413"}],"version-history":[{"count":26,"href":"https:\/\/gremarsanhabitatxxi.com\/index.php\/wp-json\/wp\/v2\/pages\/413\/revisions"}],"predecessor-version":[{"id":464,"href":"https:\/\/gremarsanhabitatxxi.com\/index.php\/wp-json\/wp\/v2\/pages\/413\/revisions\/464"}],"wp:attachment":[{"href":"https:\/\/gremarsanhabitatxxi.com\/index.php\/wp-json\/wp\/v2\/media?parent=413"}],"curies":[{"name":"wp","href":"https:\/\/api.w.org\/{rel}","templated":true}]}}