{"id":488,"date":"2025-06-04T11:18:04","date_gmt":"2025-06-04T11:18:04","guid":{"rendered":"https:\/\/gremarsanhabitatxxi.com\/?page_id=488"},"modified":"2026-02-25T10:13:13","modified_gmt":"2026-02-25T10:13:13","slug":"residencial-colombia-n12","status":"publish","type":"page","link":"https:\/\/gremarsanhabitatxxi.com\/index.php\/residencial-colombia-n12\/","title":{"rendered":"Residencial \u00abColombia n\u00ba12\u00bb"},"content":{"rendered":"\t\t<div data-elementor-type=\"wp-page\" data-elementor-id=\"488\" class=\"elementor elementor-488\" data-elementor-post-type=\"page\">\n\t\t\t\t<div class=\"elementor-element elementor-element-753de55 e-con-full e-flex e-con e-parent\" data-id=\"753de55\" data-element_type=\"container\" data-e-type=\"container\" data-settings=\"{&quot;background_background&quot;:&quot;classic&quot;}\">\n\t\t<div class=\"elementor-element elementor-element-bd3ea76 e-con-full e-flex e-con e-child\" data-id=\"bd3ea76\" data-element_type=\"container\" data-e-type=\"container\" data-settings=\"{&quot;background_background&quot;:&quot;classic&quot;}\">\n\t\t<div class=\"elementor-element elementor-element-473b331 e-con-full e-flex e-con e-child\" data-id=\"473b331\" data-element_type=\"container\" data-e-type=\"container\">\n\t\t\t\t<div class=\"elementor-element elementor-element-d101045 elementor-widget-tablet__width-inherit elementor-widget elementor-widget-heading\" data-id=\"d101045\" data-element_type=\"widget\" data-e-type=\"widget\" data-widget_type=\"heading.default\">\n\t\t\t\t<div class=\"elementor-widget-container\">\n\t\t\t\t\t<h1 class=\"elementor-heading-title elementor-size-default\">nuestra promoci\u00f3n<\/h1>\t\t\t\t<\/div>\n\t\t\t\t<\/div>\n\t\t\t\t<div class=\"elementor-element elementor-element-dbb8fc9 elementor-widget elementor-widget-heading\" data-id=\"dbb8fc9\" data-element_type=\"widget\" data-e-type=\"widget\" data-widget_type=\"heading.default\">\n\t\t\t\t<div class=\"elementor-widget-container\">\n\t\t\t\t\t<h4 class=\"elementor-heading-title elementor-size-default\">Residencial<\/h4>\t\t\t\t<\/div>\n\t\t\t\t<\/div>\n\t\t\t\t<div class=\"elementor-element elementor-element-059ee1d elementor-widget elementor-widget-heading\" data-id=\"059ee1d\" data-element_type=\"widget\" data-e-type=\"widget\" data-widget_type=\"heading.default\">\n\t\t\t\t<div class=\"elementor-widget-container\">\n\t\t\t\t\t<h4 class=\"elementor-heading-title elementor-size-default\">Colombia n\u00ba 12<\/h4>\t\t\t\t<\/div>\n\t\t\t\t<\/div>\n\t\t\t\t<div class=\"elementor-element elementor-element-1241a63 elementor-widget elementor-widget-text-editor\" data-id=\"1241a63\" data-element_type=\"widget\" data-e-type=\"widget\" data-widget_type=\"text-editor.default\">\n\t\t\t\t<div class=\"elementor-widget-container\">\n\t\t\t\t\t\t\t\t\t<p style=\"font-weight: 400;\">A tan solo 8 minutos a pie de la Plaza de Espa\u00f1a, nace esta exclusiva promoci\u00f3n de 6 viviendas de 2 dormitorios y un apartamento \u00fanico de 1 dormitorio en la planta \u00e1tico, con 73 m2 en terrazas.<\/p><p style=\"font-weight: 400;\">Un proyecto pensado para quienes buscan la comodidad de vivir en una zona tranquila, pero con todos los servicios y muy cerca del centro de la ciudad. Dise\u00f1o, funcionalidad y calidad se unen en un edificio moderno, perfecto tanto para vivir como para quien busca invertir.<\/p>\t\t\t\t\t\t\t\t<\/div>\n\t\t\t\t<\/div>\n\t\t\t\t<\/div>\n\t\t\t\t<div class=\"elementor-element elementor-element-6ab2854 elementor-widget__width-initial elementor-widget-mobile__width-inherit elementor-widget elementor-widget-image\" data-id=\"6ab2854\" data-element_type=\"widget\" data-e-type=\"widget\" data-widget_type=\"image.default\">\n\t\t\t\t<div class=\"elementor-widget-container\">\n\t\t\t\t\t\t\t\t\t\t\t\t\t\t\t<img fetchpriority=\"high\" decoding=\"async\" width=\"830\" height=\"1200\" src=\"https:\/\/gremarsanhabitatxxi.com\/wp-content\/uploads\/2025\/06\/INFOGRAFIA-FACHADA.jpg\" class=\"attachment-full size-full wp-image-491\" alt=\"\" srcset=\"https:\/\/gremarsanhabitatxxi.com\/wp-content\/uploads\/2025\/06\/INFOGRAFIA-FACHADA.jpg 830w, https:\/\/gremarsanhabitatxxi.com\/wp-content\/uploads\/2025\/06\/INFOGRAFIA-FACHADA-208x300.jpg 208w, https:\/\/gremarsanhabitatxxi.com\/wp-content\/uploads\/2025\/06\/INFOGRAFIA-FACHADA-708x1024.jpg 708w, https:\/\/gremarsanhabitatxxi.com\/wp-content\/uploads\/2025\/06\/INFOGRAFIA-FACHADA-768x1110.jpg 768w\" sizes=\"(max-width: 830px) 100vw, 830px\" \/>\t\t\t\t\t\t\t\t\t\t\t\t\t\t\t<\/div>\n\t\t\t\t<\/div>\n\t\t\t\t<\/div>\n\t\t\t\t<\/div>\n\t\t<div class=\"elementor-element elementor-element-ecf8e89 e-flex e-con-boxed e-con e-parent\" data-id=\"ecf8e89\" data-element_type=\"container\" data-e-type=\"container\">\n\t\t\t\t\t<div class=\"e-con-inner\">\n\t\t<div class=\"elementor-element elementor-element-030a1f9 e-con-full e-flex e-con e-child\" data-id=\"030a1f9\" data-element_type=\"container\" data-e-type=\"container\" data-settings=\"{&quot;background_background&quot;:&quot;classic&quot;}\">\n\t\t\t\t<div class=\"elementor-element elementor-element-a8045c1 elementor-widget elementor-widget-counter\" data-id=\"a8045c1\" data-element_type=\"widget\" data-e-type=\"widget\" data-widget_type=\"counter.default\">\n\t\t\t\t<div class=\"elementor-widget-container\">\n\t\t\t\t\t\t\t<div class=\"elementor-counter\">\n\t\t\t\t\t\t<div class=\"elementor-counter-number-wrapper\">\n\t\t\t\t<span class=\"elementor-counter-number-prefix\"><\/span>\n\t\t\t\t<span class=\"elementor-counter-number\" data-duration=\"2000\" data-to-value=\"8\" data-from-value=\"0\" data-delimiter=\",\">0<\/span>\n\t\t\t\t<span class=\"elementor-counter-number-suffix\"><\/span>\n\t\t\t<\/div>\n\t\t<\/div>\n\t\t\t\t\t\t<\/div>\n\t\t\t\t<\/div>\n\t\t\t\t<div class=\"elementor-element elementor-element-d795058 elementor-widget elementor-widget-icon-box\" data-id=\"d795058\" data-element_type=\"widget\" data-e-type=\"widget\" data-widget_type=\"icon-box.default\">\n\t\t\t\t<div class=\"elementor-widget-container\">\n\t\t\t\t\t\t\t<div class=\"elementor-icon-box-wrapper\">\n\n\t\t\t\n\t\t\t\t\t\t<div class=\"elementor-icon-box-content\">\n\n\t\t\t\t\t\t\t\t\t<div class=\"elementor-icon-box-title\">\n\t\t\t\t\t\t<span  >\n\t\t\t\t\t\t\tMinutos a pie\t\t\t\t\t\t<\/span>\n\t\t\t\t\t<\/div>\n\t\t\t\t\n\t\t\t\t\t\t\t\t\t<p class=\"elementor-icon-box-description\">\n\t\t\t\t\t\tde la Plaza Espa\u00f1a\t\t\t\t\t<\/p>\n\t\t\t\t\n\t\t\t<\/div>\n\t\t\t\n\t\t<\/div>\n\t\t\t\t\t\t<\/div>\n\t\t\t\t<\/div>\n\t\t\t\t<\/div>\n\t\t<div class=\"elementor-element elementor-element-4e5b886 e-con-full e-flex e-con e-child\" data-id=\"4e5b886\" data-element_type=\"container\" data-e-type=\"container\">\n\t\t\t\t<div class=\"elementor-element elementor-element-caa6eaa elementor-widget elementor-widget-image\" data-id=\"caa6eaa\" data-element_type=\"widget\" data-e-type=\"widget\" data-widget_type=\"image.default\">\n\t\t\t\t<div class=\"elementor-widget-container\">\n\t\t\t\t\t\t\t\t\t\t\t\t\t\t\t<img decoding=\"async\" width=\"1044\" height=\"774\" src=\"https:\/\/gremarsanhabitatxxi.com\/wp-content\/uploads\/2025\/06\/Captura-de-pantalla-2025-06-04-a-las-13.39.23.png\" class=\"attachment-full size-full wp-image-513\" alt=\"\" srcset=\"https:\/\/gremarsanhabitatxxi.com\/wp-content\/uploads\/2025\/06\/Captura-de-pantalla-2025-06-04-a-las-13.39.23.png 1044w, https:\/\/gremarsanhabitatxxi.com\/wp-content\/uploads\/2025\/06\/Captura-de-pantalla-2025-06-04-a-las-13.39.23-300x222.png 300w, https:\/\/gremarsanhabitatxxi.com\/wp-content\/uploads\/2025\/06\/Captura-de-pantalla-2025-06-04-a-las-13.39.23-1024x759.png 1024w, https:\/\/gremarsanhabitatxxi.com\/wp-content\/uploads\/2025\/06\/Captura-de-pantalla-2025-06-04-a-las-13.39.23-768x569.png 768w\" sizes=\"(max-width: 1044px) 100vw, 1044px\" \/>\t\t\t\t\t\t\t\t\t\t\t\t\t\t\t<\/div>\n\t\t\t\t<\/div>\n\t\t\t\t<\/div>\n\t\t<div class=\"elementor-element elementor-element-9edcda3 e-con-full e-flex e-con e-child\" data-id=\"9edcda3\" data-element_type=\"container\" data-e-type=\"container\">\n\t\t\t\t<div class=\"elementor-element elementor-element-30e372c elementor-widget-tablet__width-inherit elementor-widget elementor-widget-heading\" data-id=\"30e372c\" data-element_type=\"widget\" data-e-type=\"widget\" data-widget_type=\"heading.default\">\n\t\t\t\t<div class=\"elementor-widget-container\">\n\t\t\t\t\t<h6 class=\"elementor-heading-title elementor-size-default\">calidades<\/h6>\t\t\t\t<\/div>\n\t\t\t\t<\/div>\n\t\t\t\t<div class=\"elementor-element elementor-element-dd2478e elementor-widget-tablet__width-inherit elementor-widget elementor-widget-heading\" data-id=\"dd2478e\" data-element_type=\"widget\" data-e-type=\"widget\" data-widget_type=\"heading.default\">\n\t\t\t\t<div class=\"elementor-widget-container\">\n\t\t\t\t\t<h2 class=\"elementor-heading-title elementor-size-default\">Viviendas dise\u00f1adas con los m\u00e1ximos est\u00e1ndares de calidad, eficiencia y confort\n<\/h2>\t\t\t\t<\/div>\n\t\t\t\t<\/div>\n\t\t\t\t<div class=\"elementor-element elementor-element-c4c7e25 elementor-widget-tablet__width-inherit elementor-widget elementor-widget-text-editor\" data-id=\"c4c7e25\" data-element_type=\"widget\" data-e-type=\"widget\" data-widget_type=\"text-editor.default\">\n\t\t\t\t<div class=\"elementor-widget-container\">\n\t\t\t\t\t\t\t\t\t<div><p>La estructura es de hormig\u00f3n armado. Las fachadas y divisiones interiores est\u00e1n acabadas con excelentes aislamientos t\u00e9rmicos y ac\u00fasticos.<\/p><\/div><div><p>Los suelos ser\u00e1n de tarima AC5 (la m\u00e1s eficiente y eficaz) y porcel\u00e1nico rectificado (tipo Porcelanosa, Marazzi o similar). Sanitarios Roca \u201cThe Gap Square\u201d o semejante, platos de ducha antideslizantes, grifer\u00eda monomando, t\u00e9rmica en duchas.<\/p><\/div><div><p>Carpinter\u00eda exterior de aluminio lacado con rotura de puente t\u00e9rmico, oscilobatiente, doble acristalamiento, microventilada y persianas motorizadas.<\/p><\/div><div><p>Puerta exterior blindada con bisagras bulonadas antipalanquetas y cerradura de seguridad. Puertas interiores lisas lacadas en blanco. Armarios empotrados a juego con las puertas de paso, estando forrados y panelados interiormente, incluyen balda maletero y barra de colgar.<\/p><\/div><div><p>Calefacci\u00f3n y refrigeraci\u00f3n por aerotermia con suelo radiante-refrescante sectorizado.<\/p><\/div><div><p>Cocinas amuebladas y equipadas con electrodom\u00e9sticos.<\/p><\/div><div><p>Zonas comunes con acabados de alta gama, ascensor premium, iluminaci\u00f3n inteligente y preinstalaci\u00f3n de cargadores el\u00e9ctricos en garaje.<\/p><\/div>\t\t\t\t\t\t\t\t<\/div>\n\t\t\t\t<\/div>\n\t\t\t\t<div class=\"elementor-element elementor-element-038975a elementor-align-left elementor-widget elementor-widget-button\" data-id=\"038975a\" data-element_type=\"widget\" data-e-type=\"widget\" data-widget_type=\"button.default\">\n\t\t\t\t<div class=\"elementor-widget-container\">\n\t\t\t\t\t\t\t\t\t<div class=\"elementor-button-wrapper\">\n\t\t\t\t\t<a class=\"elementor-button elementor-button-link elementor-size-sm\" href=\"https:\/\/gremarsanhabitatxxi.com\/wp-content\/uploads\/2025\/06\/memoria_calidades_colombia.pdf\" target=\"_blank\">\n\t\t\t\t\t\t<span class=\"elementor-button-content-wrapper\">\n\t\t\t\t\t\t\t\t\t<span class=\"elementor-button-text\">MEmoria de calidades<\/span>\n\t\t\t\t\t<\/span>\n\t\t\t\t\t<\/a>\n\t\t\t\t<\/div>\n\t\t\t\t\t\t\t\t<\/div>\n\t\t\t\t<\/div>\n\t\t\t\t<\/div>\n\t\t<div class=\"elementor-element elementor-element-4f82aea e-flex e-con-boxed e-con e-child\" data-id=\"4f82aea\" data-element_type=\"container\" data-e-type=\"container\">\n\t\t\t\t\t<div class=\"e-con-inner\">\n\t\t<div class=\"elementor-element elementor-element-0a4c290 e-con-full e-flex e-con e-child\" data-id=\"0a4c290\" data-element_type=\"container\" data-e-type=\"container\">\n\t\t\t\t<div class=\"elementor-element elementor-element-58896a3 elementor-widget-tablet__width-inherit elementor-widget elementor-widget-heading\" data-id=\"58896a3\" data-element_type=\"widget\" data-e-type=\"widget\" data-widget_type=\"heading.default\">\n\t\t\t\t<div class=\"elementor-widget-container\">\n\t\t\t\t\t<h6 class=\"elementor-heading-title elementor-size-default\">El interior<\/h6>\t\t\t\t<\/div>\n\t\t\t\t<\/div>\n\t\t\t\t<div class=\"elementor-element elementor-element-c8293b3 elementor-widget-tablet__width-inherit elementor-widget elementor-widget-heading\" data-id=\"c8293b3\" data-element_type=\"widget\" data-e-type=\"widget\" data-widget_type=\"heading.default\">\n\t\t\t\t<div class=\"elementor-widget-container\">\n\t\t\t\t\t<h2 class=\"elementor-heading-title elementor-size-default\">Un lugar pensado para disfrutar cada d\u00eda<\/h2>\t\t\t\t<\/div>\n\t\t\t\t<\/div>\n\t\t\t\t<div class=\"elementor-element elementor-element-3b4bfb5 elementor-widget elementor-widget-text-editor\" data-id=\"3b4bfb5\" data-element_type=\"widget\" data-e-type=\"widget\" data-widget_type=\"text-editor.default\">\n\t\t\t\t<div class=\"elementor-widget-container\">\n\t\t\t\t\t\t\t\t\t<p style=\"font-weight: 400;\">A tan solo 8 minutos a pie de la Plaza de Espa\u00f1a, nace esta exclusiva promoci\u00f3n de 6 viviendas de 2 dormitorios y un apartamento \u00fanico de 1 dormitorio en la planta \u00e1tico, con 73 m2 en terrazas.<\/p><p style=\"font-weight: 400;\">Un proyecto pensado para quienes buscan la comodidad de vivir en una zona tranquila, pero con todos los servicios y muy cerca del centro de la ciudad. Dise\u00f1o, funcionalidad y calidad se unen en un edificio moderno, perfecto tanto para vivir como para quien busca invertir.<\/p>\t\t\t\t\t\t\t\t<\/div>\n\t\t\t\t<\/div>\n\t\t\t\t<div class=\"elementor-element elementor-element-e0c7541 elementor-align-left elementor-widget elementor-widget-button\" data-id=\"e0c7541\" data-element_type=\"widget\" data-e-type=\"widget\" data-widget_type=\"button.default\">\n\t\t\t\t<div class=\"elementor-widget-container\">\n\t\t\t\t\t\t\t\t\t<div class=\"elementor-button-wrapper\">\n\t\t\t\t\t<a class=\"elementor-button elementor-button-link elementor-size-sm\" href=\"https:\/\/gremarsanhabitatxxi.com\/wp-content\/uploads\/2026\/02\/planos_colombia.pdf\" target=\"_blank\">\n\t\t\t\t\t\t<span class=\"elementor-button-content-wrapper\">\n\t\t\t\t\t\t\t\t\t<span class=\"elementor-button-text\">Consulta los planos<\/span>\n\t\t\t\t\t<\/span>\n\t\t\t\t\t<\/a>\n\t\t\t\t<\/div>\n\t\t\t\t\t\t\t\t<\/div>\n\t\t\t\t<\/div>\n\t\t\t\t<\/div>\n\t\t<div class=\"elementor-element elementor-element-b95b829 e-con-full e-flex e-con e-child\" data-id=\"b95b829\" data-element_type=\"container\" data-e-type=\"container\">\n\t\t\t\t<div class=\"elementor-element elementor-element-ddfe28b elementor-widget elementor-widget-image\" data-id=\"ddfe28b\" data-element_type=\"widget\" data-e-type=\"widget\" data-widget_type=\"image.default\">\n\t\t\t\t<div class=\"elementor-widget-container\">\n\t\t\t\t\t\t\t\t\t\t\t\t\t\t\t<img decoding=\"async\" width=\"2426\" height=\"1954\" src=\"https:\/\/gremarsanhabitatxxi.com\/wp-content\/uploads\/2025\/06\/Captura-de-pantalla-2025-06-04-a-las-17.29.51.png\" class=\"attachment-full size-full wp-image-519\" alt=\"\" srcset=\"https:\/\/gremarsanhabitatxxi.com\/wp-content\/uploads\/2025\/06\/Captura-de-pantalla-2025-06-04-a-las-17.29.51.png 2426w, https:\/\/gremarsanhabitatxxi.com\/wp-content\/uploads\/2025\/06\/Captura-de-pantalla-2025-06-04-a-las-17.29.51-300x242.png 300w, https:\/\/gremarsanhabitatxxi.com\/wp-content\/uploads\/2025\/06\/Captura-de-pantalla-2025-06-04-a-las-17.29.51-1024x825.png 1024w, https:\/\/gremarsanhabitatxxi.com\/wp-content\/uploads\/2025\/06\/Captura-de-pantalla-2025-06-04-a-las-17.29.51-768x619.png 768w, https:\/\/gremarsanhabitatxxi.com\/wp-content\/uploads\/2025\/06\/Captura-de-pantalla-2025-06-04-a-las-17.29.51-1536x1237.png 1536w, https:\/\/gremarsanhabitatxxi.com\/wp-content\/uploads\/2025\/06\/Captura-de-pantalla-2025-06-04-a-las-17.29.51-2048x1650.png 2048w\" sizes=\"(max-width: 2426px) 100vw, 2426px\" \/>\t\t\t\t\t\t\t\t\t\t\t\t\t\t\t<\/div>\n\t\t\t\t<\/div>\n\t\t\t\t<div class=\"elementor-element elementor-element-859c59b elementor-absolute elementor-widget__width-initial elementor-widget elementor-widget-image\" data-id=\"859c59b\" data-element_type=\"widget\" data-e-type=\"widget\" data-settings=\"{&quot;_position&quot;:&quot;absolute&quot;}\" data-widget_type=\"image.default\">\n\t\t\t\t<div class=\"elementor-widget-container\">\n\t\t\t\t\t\t\t\t\t\t\t\t\t\t\t<img loading=\"lazy\" decoding=\"async\" width=\"1846\" height=\"1708\" src=\"https:\/\/gremarsanhabitatxxi.com\/wp-content\/uploads\/2025\/06\/Captura-de-pantalla-2025-06-04-a-las-17.31.33.png\" class=\"attachment-full size-full wp-image-520\" alt=\"\" srcset=\"https:\/\/gremarsanhabitatxxi.com\/wp-content\/uploads\/2025\/06\/Captura-de-pantalla-2025-06-04-a-las-17.31.33.png 1846w, https:\/\/gremarsanhabitatxxi.com\/wp-content\/uploads\/2025\/06\/Captura-de-pantalla-2025-06-04-a-las-17.31.33-300x278.png 300w, https:\/\/gremarsanhabitatxxi.com\/wp-content\/uploads\/2025\/06\/Captura-de-pantalla-2025-06-04-a-las-17.31.33-1024x947.png 1024w, https:\/\/gremarsanhabitatxxi.com\/wp-content\/uploads\/2025\/06\/Captura-de-pantalla-2025-06-04-a-las-17.31.33-768x711.png 768w, https:\/\/gremarsanhabitatxxi.com\/wp-content\/uploads\/2025\/06\/Captura-de-pantalla-2025-06-04-a-las-17.31.33-1536x1421.png 1536w\" sizes=\"(max-width: 1846px) 100vw, 1846px\" \/>\t\t\t\t\t\t\t\t\t\t\t\t\t\t\t<\/div>\n\t\t\t\t<\/div>\n\t\t\t\t<\/div>\n\t\t\t\t\t<\/div>\n\t\t\t\t<\/div>\n\t\t\t\t\t<\/div>\n\t\t\t\t<\/div>\n\t\t<div class=\"elementor-element elementor-element-a2fabef e-flex e-con-boxed e-con e-parent\" data-id=\"a2fabef\" data-element_type=\"container\" data-e-type=\"container\">\n\t\t\t\t\t<div class=\"e-con-inner\">\n\t\t<div class=\"elementor-element elementor-element-a578b2b e-con-full e-flex e-con e-child\" data-id=\"a578b2b\" data-element_type=\"container\" data-e-type=\"container\">\n\t\t\t\t<div class=\"elementor-element elementor-element-8dab0b1 elementor-widget-tablet__width-inherit elementor-widget elementor-widget-heading\" data-id=\"8dab0b1\" data-element_type=\"widget\" data-e-type=\"widget\" data-widget_type=\"heading.default\">\n\t\t\t\t<div class=\"elementor-widget-container\">\n\t\t\t\t\t<h6 class=\"elementor-heading-title elementor-size-default\">LOCALIZACI\u00d3N inmejorable<\/h6>\t\t\t\t<\/div>\n\t\t\t\t<\/div>\n\t\t\t\t<div class=\"elementor-element elementor-element-df4797e elementor-widget-tablet__width-inherit elementor-widget elementor-widget-heading\" data-id=\"df4797e\" data-element_type=\"widget\" data-e-type=\"widget\" data-widget_type=\"heading.default\">\n\t\t\t\t<div class=\"elementor-widget-container\">\n\t\t\t\t\t<h2 class=\"elementor-heading-title elementor-size-default\">En la  calle Colombia, a 8 minutos a pie de la Plaza de Espa\u00f1a<\/h2>\t\t\t\t<\/div>\n\t\t\t\t<\/div>\n\t\t\t\t<div class=\"elementor-element elementor-element-f2d5974 elementor-widget elementor-widget-text-editor\" data-id=\"f2d5974\" data-element_type=\"widget\" data-e-type=\"widget\" data-widget_type=\"text-editor.default\">\n\t\t\t\t<div class=\"elementor-widget-container\">\n\t\t\t\t\t\t\t\t\t<p style=\"font-weight: 400;\">Vivir en el Residencial Colombia n\u00ba 12 es disfrutar de una ubicaci\u00f3n tranquila, en un entorno consolidado, bien comunicada y con todos los servicios.<\/p><p style=\"font-weight: 400;\">Situada en una de las zonas residenciales m\u00e1s c\u00f3modas y tranquilas de Salamanca, permite acceder en pocos minutos al centro, a supermercados, colegios, restaurantes, cafeter\u00edas, zonas verdes y servicios sanitarios.<\/p><p style=\"font-weight: 400;\">Todo lo que necesitas, a un paso de casa.<\/p>\t\t\t\t\t\t\t\t<\/div>\n\t\t\t\t<\/div>\n\t\t\t\t<div class=\"elementor-element elementor-element-56532af elementor-align-center elementor-widget elementor-widget-button\" data-id=\"56532af\" data-element_type=\"widget\" data-e-type=\"widget\" data-widget_type=\"button.default\">\n\t\t\t\t<div class=\"elementor-widget-container\">\n\t\t\t\t\t\t\t\t\t<div class=\"elementor-button-wrapper\">\n\t\t\t\t\t<a class=\"elementor-button elementor-button-link elementor-size-sm\" href=\"https:\/\/gremarsanhabitatxxi.com\/index.php\/contacto\/\">\n\t\t\t\t\t\t<span class=\"elementor-button-content-wrapper\">\n\t\t\t\t\t\t\t\t\t<span class=\"elementor-button-text\">HABLA CON NUESTRO EQUIPO<\/span>\n\t\t\t\t\t<\/span>\n\t\t\t\t\t<\/a>\n\t\t\t\t<\/div>\n\t\t\t\t\t\t\t\t<\/div>\n\t\t\t\t<\/div>\n\t\t\t\t<\/div>\n\t\t<div class=\"elementor-element elementor-element-f2e52ca e-con-full e-flex e-con e-child\" data-id=\"f2e52ca\" data-element_type=\"container\" data-e-type=\"container\">\n\t\t\t\t<div class=\"elementor-element elementor-element-1a9d417 elementor-widget elementor-widget-google_maps\" data-id=\"1a9d417\" data-element_type=\"widget\" data-e-type=\"widget\" data-widget_type=\"google_maps.default\">\n\t\t\t\t<div class=\"elementor-widget-container\">\n\t\t\t\t\t\t\t<div class=\"elementor-custom-embed\">\n\t\t\t<iframe loading=\"lazy\"\n\t\t\t\t\tsrc=\"https:\/\/maps.google.com\/maps?q=calle%20Colombia%2C%2012%20salamanca&#038;t=m&#038;z=15&#038;output=embed&#038;iwloc=near\"\n\t\t\t\t\ttitle=\"calle Colombia, 12 salamanca\"\n\t\t\t\t\taria-label=\"calle Colombia, 12 salamanca\"\n\t\t\t><\/iframe>\n\t\t<\/div>\n\t\t\t\t\t\t<\/div>\n\t\t\t\t<\/div>\n\t\t\t\t<\/div>\n\t\t\t\t\t<\/div>\n\t\t\t\t<\/div>\n\t\t<div class=\"elementor-element elementor-element-85d4374 e-flex e-con-boxed e-con e-parent\" data-id=\"85d4374\" data-element_type=\"container\" data-e-type=\"container\" data-settings=\"{&quot;background_background&quot;:&quot;slideshow&quot;,&quot;background_slideshow_gallery&quot;:[{&quot;id&quot;:419,&quot;url&quot;:&quot;https:\\\/\\\/gremarsanhabitatxxi.com\\\/wp-content\\\/uploads\\\/2024\\\/11\\\/4.jpg&quot;},{&quot;id&quot;:418,&quot;url&quot;:&quot;https:\\\/\\\/gremarsanhabitatxxi.com\\\/wp-content\\\/uploads\\\/2024\\\/11\\\/3.png&quot;},{&quot;id&quot;:417,&quot;url&quot;:&quot;https:\\\/\\\/gremarsanhabitatxxi.com\\\/wp-content\\\/uploads\\\/2024\\\/11\\\/2.png&quot;},{&quot;id&quot;:416,&quot;url&quot;:&quot;https:\\\/\\\/gremarsanhabitatxxi.com\\\/wp-content\\\/uploads\\\/2024\\\/11\\\/1.webp&quot;}],&quot;background_slideshow_loop&quot;:&quot;yes&quot;,&quot;background_slideshow_slide_duration&quot;:5000,&quot;background_slideshow_slide_transition&quot;:&quot;fade&quot;,&quot;background_slideshow_transition_duration&quot;:500}\">\n\t\t\t\t\t<div class=\"e-con-inner\">\n\t\t<div class=\"elementor-element elementor-element-a1505f2 e-flex e-con-boxed e-con e-child\" data-id=\"a1505f2\" data-element_type=\"container\" data-e-type=\"container\">\n\t\t\t\t\t<div class=\"e-con-inner\">\n\t\t\t\t<div class=\"elementor-element elementor-element-a4da110 elementor-widget elementor-widget-heading\" data-id=\"a4da110\" data-element_type=\"widget\" data-e-type=\"widget\" data-widget_type=\"heading.default\">\n\t\t\t\t<div class=\"elementor-widget-container\">\n\t\t\t\t\t<h2 class=\"elementor-heading-title elementor-size-default\">Calidad en cada detalle\n<\/h2>\t\t\t\t<\/div>\n\t\t\t\t<\/div>\n\t\t\t\t<div class=\"elementor-element elementor-element-98c2833 elementor-widget elementor-widget-text-editor\" data-id=\"98c2833\" data-element_type=\"widget\" data-e-type=\"widget\" data-widget_type=\"text-editor.default\">\n\t\t\t\t<div class=\"elementor-widget-container\">\n\t\t\t\t\t\t\t\t\t<p>En Gremarsan Habitat XXI apostamos por la excelencia en cada proyecto que emprendemos, y esta promoci\u00f3n no es la excepci\u00f3n. Todos los materiales utilizados son de calidad premium, seleccionados cuidadosamente para garantizar la m\u00e1xima durabilidad y un dise\u00f1o que destaca por su elegancia y funcionalidad.<\/p><p>La distribuci\u00f3n de los espacios y los acabados han sido concebidos para crear un ambiente c\u00f3modo y moderno, adaptado a las necesidades de quienes buscan un lugar exclusivo para vivir o invertir.<\/p>\t\t\t\t\t\t\t\t<\/div>\n\t\t\t\t<\/div>\n\t\t\t\t<div class=\"elementor-element elementor-element-733cfc9 elementor-align-center elementor-widget elementor-widget-button\" data-id=\"733cfc9\" data-element_type=\"widget\" data-e-type=\"widget\" data-widget_type=\"button.default\">\n\t\t\t\t<div class=\"elementor-widget-container\">\n\t\t\t\t\t\t\t\t\t<div class=\"elementor-button-wrapper\">\n\t\t\t\t\t<a class=\"elementor-button elementor-button-link elementor-size-sm\" href=\"https:\/\/gremarsanhabitatxxi.com\/index.php\/contacto\/\">\n\t\t\t\t\t\t<span class=\"elementor-button-content-wrapper\">\n\t\t\t\t\t\t\t\t\t<span class=\"elementor-button-text\">Solicita m\u00e1s informaci\u00f3n<\/span>\n\t\t\t\t\t<\/span>\n\t\t\t\t\t<\/a>\n\t\t\t\t<\/div>\n\t\t\t\t\t\t\t\t<\/div>\n\t\t\t\t<\/div>\n\t\t\t\t\t<\/div>\n\t\t\t\t<\/div>\n\t\t\t\t\t<\/div>\n\t\t\t\t<\/div>\n\t\t\t\t<\/div>\n\t\t","protected":false},"excerpt":{"rendered":"<p>nuestra promoci\u00f3n Residencial Colombia n\u00ba 12 A tan solo 8 minutos a pie de la Plaza de Espa\u00f1a, nace esta exclusiva promoci\u00f3n de 6 viviendas de 2 dormitorios y un apartamento \u00fanico de 1 dormitorio en la planta \u00e1tico, con 73 m2 en terrazas. Un proyecto pensado para quienes buscan la comodidad de vivir en [&hellip;]<\/p>\n","protected":false},"author":1,"featured_media":0,"parent":0,"menu_order":0,"comment_status":"closed","ping_status":"closed","template":"","meta":{"footnotes":""},"class_list":["post-488","page","type-page","status-publish","hentry"],"_links":{"self":[{"href":"https:\/\/gremarsanhabitatxxi.com\/index.php\/wp-json\/wp\/v2\/pages\/488","targetHints":{"allow":["GET"]}}],"collection":[{"href":"https:\/\/gremarsanhabitatxxi.com\/index.php\/wp-json\/wp\/v2\/pages"}],"about":[{"href":"https:\/\/gremarsanhabitatxxi.com\/index.php\/wp-json\/wp\/v2\/types\/page"}],"author":[{"embeddable":true,"href":"https:\/\/gremarsanhabitatxxi.com\/index.php\/wp-json\/wp\/v2\/users\/1"}],"replies":[{"embeddable":true,"href":"https:\/\/gremarsanhabitatxxi.com\/index.php\/wp-json\/wp\/v2\/comments?post=488"}],"version-history":[{"count":69,"href":"https:\/\/gremarsanhabitatxxi.com\/index.php\/wp-json\/wp\/v2\/pages\/488\/revisions"}],"predecessor-version":[{"id":878,"href":"https:\/\/gremarsanhabitatxxi.com\/index.php\/wp-json\/wp\/v2\/pages\/488\/revisions\/878"}],"wp:attachment":[{"href":"https:\/\/gremarsanhabitatxxi.com\/index.php\/wp-json\/wp\/v2\/media?parent=488"}],"curies":[{"name":"wp","href":"https:\/\/api.w.org\/{rel}","templated":true}]}}